{"id":2,"date":"2024-10-15T14:56:06","date_gmt":"2024-10-15T12:56:06","guid":{"rendered":"https:\/\/www.foodgarden.sk\/?page_id=2"},"modified":"2025-09-22T19:40:07","modified_gmt":"2025-09-22T17:40:07","slug":"ukazkova-stranka","status":"publish","type":"page","link":"https:\/\/www.foodgarden.sk\/","title":{"rendered":"Domov"},"content":{"rendered":"\t\t<div data-elementor-type=\"wp-page\" data-elementor-id=\"2\" class=\"elementor elementor-2\">\n\t\t\t\t<div class=\"elementor-element elementor-element-1593eb8 e-flex e-con-boxed e-con e-parent\" data-id=\"1593eb8\" data-element_type=\"container\">\n\t\t\t\t\t<div class=\"e-con-inner\">\n\t\t\t\t<div class=\"elementor-element elementor-element-e8b3743 elementor-widget elementor-widget-image\" data-id=\"e8b3743\" data-element_type=\"widget\" data-widget_type=\"image.default\">\n\t\t\t\t<div class=\"elementor-widget-container\">\n\t\t\t\t\t\t\t\t\t\t\t\t\t\t\t<img fetchpriority=\"high\" decoding=\"async\" width=\"1065\" height=\"384\" src=\"https:\/\/www.foodgarden.sk\/wp-content\/uploads\/2025\/02\/fooggarden-green-1.svg\" class=\"attachment-large size-large wp-image-63\" alt=\"\" \/>\t\t\t\t\t\t\t\t\t\t\t\t\t\t\t<\/div>\n\t\t\t\t<\/div>\n\t\t\t\t\t<\/div>\n\t\t\t\t<\/div>\n\t\t<div class=\"elementor-element elementor-element-be8c5a5 e-con-full e-flex e-con e-parent\" data-id=\"be8c5a5\" data-element_type=\"container\">\n\t\t<div class=\"elementor-element elementor-element-d3171a0 e-con-full e-flex e-con e-child\" data-id=\"d3171a0\" data-element_type=\"container\" data-settings=\"{&quot;background_background&quot;:&quot;classic&quot;}\">\n\t\t\t\t<div class=\"elementor-element elementor-element-e6f5d4c elementor-widget elementor-widget-image\" data-id=\"e6f5d4c\" data-element_type=\"widget\" data-widget_type=\"image.default\">\n\t\t\t\t<div class=\"elementor-widget-container\">\n\t\t\t\t\t\t\t\t\t\t\t\t\t\t\t<img decoding=\"async\" width=\"514\" height=\"272\" src=\"https:\/\/www.foodgarden.sk\/wp-content\/uploads\/2024\/10\/foodgarden-apollo-logo-2.svg\" class=\"attachment-large size-large wp-image-57\" alt=\"\" \/>\t\t\t\t\t\t\t\t\t\t\t\t\t\t\t<\/div>\n\t\t\t\t<\/div>\n\t\t\t\t<div class=\"elementor-element elementor-element-013f168 elementor-widget elementor-widget-text-editor\" data-id=\"013f168\" data-element_type=\"widget\" data-widget_type=\"text-editor.default\">\n\t\t\t\t<div class=\"elementor-widget-container\">\n\t\t\t\t\t\t\t\t\t<h3><strong>Adresa<br \/><\/strong><\/h3>\t\t\t\t\t\t\t\t<\/div>\n\t\t\t\t<\/div>\n\t\t\t\t<div class=\"elementor-element elementor-element-868e08c elementor-widget elementor-widget-text-editor\" data-id=\"868e08c\" data-element_type=\"widget\" data-widget_type=\"text-editor.default\">\n\t\t\t\t<div class=\"elementor-widget-container\">\n\t\t\t\t\t\t\t\t\t<p><strong>Apollo Nivy,<\/strong><br \/>Prievozsk\u00e1 2\/A, 821 09 Bratislava<\/p>\t\t\t\t\t\t\t\t<\/div>\n\t\t\t\t<\/div>\n\t\t\t\t<div class=\"elementor-element elementor-element-88e6c88 elementor-align-center elementor-widget elementor-widget-button\" data-id=\"88e6c88\" data-element_type=\"widget\" data-widget_type=\"button.default\">\n\t\t\t\t<div class=\"elementor-widget-container\">\n\t\t\t\t\t\t\t\t\t<div class=\"elementor-button-wrapper\">\n\t\t\t\t\t<a class=\"elementor-button elementor-button-link elementor-size-sm\" href=\"https:\/\/apollo.foodgarden.sk\/\">\n\t\t\t\t\t\t<span class=\"elementor-button-content-wrapper\">\n\t\t\t\t\t\t\t\t\t<span class=\"elementor-button-text\">Vst\u00fapi\u0165<\/span>\n\t\t\t\t\t<\/span>\n\t\t\t\t\t<\/a>\n\t\t\t\t<\/div>\n\t\t\t\t\t\t\t\t<\/div>\n\t\t\t\t<\/div>\n\t\t\t\t<\/div>\n\t\t<div class=\"elementor-element elementor-element-f412ce6 e-con-full e-flex e-con e-child\" data-id=\"f412ce6\" data-element_type=\"container\" data-settings=\"{&quot;background_background&quot;:&quot;classic&quot;}\">\n\t\t\t\t<div class=\"elementor-element elementor-element-fb25c78 elementor-widget elementor-widget-image\" data-id=\"fb25c78\" data-element_type=\"widget\" data-widget_type=\"image.default\">\n\t\t\t\t<div class=\"elementor-widget-container\">\n\t\t\t\t\t\t\t\t\t\t\t\t\t\t\t<img decoding=\"async\" width=\"514\" height=\"271\" src=\"https:\/\/www.foodgarden.sk\/wp-content\/uploads\/2024\/10\/foodgarden-pressburg-logo-2.svg\" class=\"attachment-large size-large wp-image-55\" alt=\"\" \/>\t\t\t\t\t\t\t\t\t\t\t\t\t\t\t<\/div>\n\t\t\t\t<\/div>\n\t\t\t\t<div class=\"elementor-element elementor-element-027230c elementor-widget elementor-widget-text-editor\" data-id=\"027230c\" data-element_type=\"widget\" data-widget_type=\"text-editor.default\">\n\t\t\t\t<div class=\"elementor-widget-container\">\n\t\t\t\t\t\t\t\t\t<h3><strong>Adresa<br \/><\/strong><\/h3>\t\t\t\t\t\t\t\t<\/div>\n\t\t\t\t<\/div>\n\t\t\t\t<div class=\"elementor-element elementor-element-e268ebf elementor-widget elementor-widget-text-editor\" data-id=\"e268ebf\" data-element_type=\"widget\" data-widget_type=\"text-editor.default\">\n\t\t\t\t<div class=\"elementor-widget-container\">\n\t\t\t\t\t\t\t\t\t<p>Prievozsk\u00e1 6\/A,<br \/>821 09 Bratislava<\/p>\t\t\t\t\t\t\t\t<\/div>\n\t\t\t\t<\/div>\n\t\t\t\t<div class=\"elementor-element elementor-element-b6bdb83 elementor-align-center elementor-widget elementor-widget-button\" data-id=\"b6bdb83\" data-element_type=\"widget\" data-widget_type=\"button.default\">\n\t\t\t\t<div class=\"elementor-widget-container\">\n\t\t\t\t\t\t\t\t\t<div class=\"elementor-button-wrapper\">\n\t\t\t\t\t<a class=\"elementor-button elementor-button-link elementor-size-sm\" href=\"https:\/\/pressburg.foodgarden.sk\/\">\n\t\t\t\t\t\t<span class=\"elementor-button-content-wrapper\">\n\t\t\t\t\t\t\t\t\t<span class=\"elementor-button-text\">Vst\u00fapi\u0165<\/span>\n\t\t\t\t\t<\/span>\n\t\t\t\t\t<\/a>\n\t\t\t\t<\/div>\n\t\t\t\t\t\t\t\t<\/div>\n\t\t\t\t<\/div>\n\t\t\t\t<\/div>\n\t\t<div class=\"elementor-element elementor-element-a34b2c8 e-con-full e-flex e-con e-child\" data-id=\"a34b2c8\" data-element_type=\"container\" data-settings=\"{&quot;background_background&quot;:&quot;classic&quot;}\">\n\t\t\t\t<div class=\"elementor-element elementor-element-efd09eb elementor-widget elementor-widget-image\" data-id=\"efd09eb\" data-element_type=\"widget\" data-widget_type=\"image.default\">\n\t\t\t\t<div class=\"elementor-widget-container\">\n\t\t\t\t\t\t\t\t\t\t\t\t\t\t\t<img loading=\"lazy\" decoding=\"async\" width=\"246\" height=\"107\" src=\"https:\/\/www.foodgarden.sk\/wp-content\/uploads\/2025\/06\/fogamosvgg.svg\" class=\"attachment-full size-full wp-image-133\" alt=\"\" \/>\t\t\t\t\t\t\t\t\t\t\t\t\t\t\t<\/div>\n\t\t\t\t<\/div>\n\t\t\t\t<div class=\"elementor-element elementor-element-654344f elementor-widget elementor-widget-text-editor\" data-id=\"654344f\" data-element_type=\"widget\" data-widget_type=\"text-editor.default\">\n\t\t\t\t<div class=\"elementor-widget-container\">\n\t\t\t\t\t\t\t\t\t<h3><strong>Kontakt<br \/><\/strong><\/h3>\t\t\t\t\t\t\t\t<\/div>\n\t\t\t\t<\/div>\n\t\t\t\t<div class=\"elementor-element elementor-element-451fe95 elementor-widget elementor-widget-text-editor\" data-id=\"451fe95\" data-element_type=\"widget\" data-widget_type=\"text-editor.default\">\n\t\t\t\t<div class=\"elementor-widget-container\">\n\t\t\t\t\t\t\t\t\t<p>event@fogamo.sk<br \/><strong>0948\u00a0366\u00a0943<\/strong><\/p>\t\t\t\t\t\t\t\t<\/div>\n\t\t\t\t<\/div>\n\t\t\t\t<div class=\"elementor-element elementor-element-2fa2804 elementor-align-center elementor-widget elementor-widget-button\" data-id=\"2fa2804\" data-element_type=\"widget\" data-widget_type=\"button.default\">\n\t\t\t\t<div class=\"elementor-widget-container\">\n\t\t\t\t\t\t\t\t\t<div class=\"elementor-button-wrapper\">\n\t\t\t\t\t<a class=\"elementor-button elementor-button-link elementor-size-sm\" href=\"https:\/\/www.fogamo.sk\/\">\n\t\t\t\t\t\t<span class=\"elementor-button-content-wrapper\">\n\t\t\t\t\t\t\t\t\t<span class=\"elementor-button-text\">Vst\u00fapi\u0165<\/span>\n\t\t\t\t\t<\/span>\n\t\t\t\t\t<\/a>\n\t\t\t\t<\/div>\n\t\t\t\t\t\t\t\t<\/div>\n\t\t\t\t<\/div>\n\t\t\t\t<\/div>\n\t\t\t\t<\/div>\n\t\t<div class=\"elementor-element elementor-element-922bbe6 elementor-hidden-tablet elementor-hidden-mobile e-flex e-con-boxed e-con e-parent\" data-id=\"922bbe6\" data-element_type=\"container\">\n\t\t\t\t\t<div class=\"e-con-inner\">\n\t\t<div class=\"elementor-element elementor-element-5c5bf00 e-con-full e-flex e-con e-child\" data-id=\"5c5bf00\" data-element_type=\"container\">\n\t\t\t\t<\/div>\n\t\t<div class=\"elementor-element elementor-element-d9128a4 e-con-full e-flex e-con e-child\" data-id=\"d9128a4\" data-element_type=\"container\">\n\t\t\t\t<\/div>\n\t\t<div class=\"elementor-element elementor-element-fd7cc42 e-con-full e-flex e-con e-child\" data-id=\"fd7cc42\" data-element_type=\"container\">\n\t\t\t\t<\/div>\n\t\t\t\t\t<\/div>\n\t\t\t\t<\/div>\n\t\t\t\t<\/div>\n\t\t","protected":false},"excerpt":{"rendered":"<p>Adresa Apollo Nivy,Prievozsk\u00e1 2\/A, 821 09 Bratislava Vst\u00fapi\u0165 Adresa Prievozsk\u00e1 6\/A,821 09 Bratislava Vst\u00fapi\u0165 Kontakt event@fogamo.sk0948\u00a0366\u00a0943 Vst\u00fapi\u0165<\/p>\n","protected":false},"author":1,"featured_media":66,"parent":0,"menu_order":0,"comment_status":"closed","ping_status":"closed","template":"elementor_canvas","meta":{"_acf_changed":false,"footnotes":""},"class_list":["post-2","page","type-page","status-publish","has-post-thumbnail","hentry"],"acf":[],"yoast_head":"<!-- This site is optimized with the Yoast SEO plugin v18.6 - https:\/\/yoast.com\/wordpress\/plugins\/seo\/ -->\n<title>Domov - FoodGarden<\/title>\n<meta name=\"description\" content=\"U n\u00e1s si n\u00e1jde svoje ka\u017ed\u00fd.\" \/>\n<meta name=\"robots\" content=\"index, follow, max-snippet:-1, max-image-preview:large, max-video-preview:-1\" \/>\n<link rel=\"canonical\" href=\"https:\/\/www.foodgarden.sk\/\" \/>\n<meta property=\"og:locale\" content=\"sk_SK\" \/>\n<meta property=\"og:type\" content=\"article\" \/>\n<meta property=\"og:title\" content=\"Domov - FoodGarden\" \/>\n<meta property=\"og:description\" content=\"U n\u00e1s si n\u00e1jde svoje ka\u017ed\u00fd.\" \/>\n<meta property=\"og:url\" content=\"https:\/\/www.foodgarden.sk\/\" \/>\n<meta property=\"og:site_name\" content=\"FoodGarden\" \/>\n<meta property=\"article:modified_time\" content=\"2025-09-22T17:40:07+00:00\" \/>\n<meta property=\"og:image\" content=\"https:\/\/www.foodgarden.sk\/wp-content\/uploads\/2025\/02\/foodgarden-apollo.png\" \/>\n\t<meta property=\"og:image:width\" content=\"1105\" \/>\n\t<meta property=\"og:image:height\" content=\"1600\" \/>\n\t<meta property=\"og:image:type\" content=\"image\/png\" \/>\n<meta name=\"twitter:card\" content=\"summary_large_image\" \/>\n<script type=\"application\/ld+json\" class=\"yoast-schema-graph\">{\"@context\":\"https:\/\/schema.org\",\"@graph\":[{\"@type\":\"WebSite\",\"@id\":\"https:\/\/www.foodgarden.sk\/#website\",\"url\":\"https:\/\/www.foodgarden.sk\/\",\"name\":\"FoodGarden\",\"description\":\"U n\u00e1s si n\u00e1jde svoje ka\u017ed\u00fd\",\"potentialAction\":[{\"@type\":\"SearchAction\",\"target\":{\"@type\":\"EntryPoint\",\"urlTemplate\":\"https:\/\/www.foodgarden.sk\/?s={search_term_string}\"},\"query-input\":\"required name=search_term_string\"}],\"inLanguage\":\"sk-SK\"},{\"@type\":\"ImageObject\",\"@id\":\"https:\/\/www.foodgarden.sk\/#primaryimage\",\"inLanguage\":\"sk-SK\",\"url\":\"https:\/\/www.foodgarden.sk\/wp-content\/uploads\/2025\/02\/foodgarden-apollo.png\",\"contentUrl\":\"https:\/\/www.foodgarden.sk\/wp-content\/uploads\/2025\/02\/foodgarden-apollo.png\",\"width\":1105,\"height\":1600},{\"@type\":\"WebPage\",\"@id\":\"https:\/\/www.foodgarden.sk\/#webpage\",\"url\":\"https:\/\/www.foodgarden.sk\/\",\"name\":\"Domov - FoodGarden\",\"isPartOf\":{\"@id\":\"https:\/\/www.foodgarden.sk\/#website\"},\"primaryImageOfPage\":{\"@id\":\"https:\/\/www.foodgarden.sk\/#primaryimage\"},\"datePublished\":\"2024-10-15T12:56:06+00:00\",\"dateModified\":\"2025-09-22T17:40:07+00:00\",\"description\":\"U n\u00e1s si n\u00e1jde svoje ka\u017ed\u00fd.\",\"breadcrumb\":{\"@id\":\"https:\/\/www.foodgarden.sk\/#breadcrumb\"},\"inLanguage\":\"sk-SK\",\"potentialAction\":[{\"@type\":\"ReadAction\",\"target\":[\"https:\/\/www.foodgarden.sk\/\"]}]},{\"@type\":\"BreadcrumbList\",\"@id\":\"https:\/\/www.foodgarden.sk\/#breadcrumb\",\"itemListElement\":[{\"@type\":\"ListItem\",\"position\":1,\"name\":\"Domovsk\u00e1 str\u00e1nka\",\"item\":\"https:\/\/www.foodgarden.sk\/\"},{\"@type\":\"ListItem\",\"position\":2,\"name\":\"Domov\"}]}]}<\/script>\n<!-- \/ Yoast SEO plugin. -->","yoast_head_json":{"title":"Domov - FoodGarden","description":"U n\u00e1s si n\u00e1jde svoje ka\u017ed\u00fd.","robots":{"index":"index","follow":"follow","max-snippet":"max-snippet:-1","max-image-preview":"max-image-preview:large","max-video-preview":"max-video-preview:-1"},"canonical":"https:\/\/www.foodgarden.sk\/","og_locale":"sk_SK","og_type":"article","og_title":"Domov - FoodGarden","og_description":"U n\u00e1s si n\u00e1jde svoje ka\u017ed\u00fd.","og_url":"https:\/\/www.foodgarden.sk\/","og_site_name":"FoodGarden","article_modified_time":"2025-09-22T17:40:07+00:00","og_image":[{"width":1105,"height":1600,"url":"https:\/\/www.foodgarden.sk\/wp-content\/uploads\/2025\/02\/foodgarden-apollo.png","type":"image\/png"}],"twitter_card":"summary_large_image","schema":{"@context":"https:\/\/schema.org","@graph":[{"@type":"WebSite","@id":"https:\/\/www.foodgarden.sk\/#website","url":"https:\/\/www.foodgarden.sk\/","name":"FoodGarden","description":"U n\u00e1s si n\u00e1jde svoje ka\u017ed\u00fd","potentialAction":[{"@type":"SearchAction","target":{"@type":"EntryPoint","urlTemplate":"https:\/\/www.foodgarden.sk\/?s={search_term_string}"},"query-input":"required name=search_term_string"}],"inLanguage":"sk-SK"},{"@type":"ImageObject","@id":"https:\/\/www.foodgarden.sk\/#primaryimage","inLanguage":"sk-SK","url":"https:\/\/www.foodgarden.sk\/wp-content\/uploads\/2025\/02\/foodgarden-apollo.png","contentUrl":"https:\/\/www.foodgarden.sk\/wp-content\/uploads\/2025\/02\/foodgarden-apollo.png","width":1105,"height":1600},{"@type":"WebPage","@id":"https:\/\/www.foodgarden.sk\/#webpage","url":"https:\/\/www.foodgarden.sk\/","name":"Domov - FoodGarden","isPartOf":{"@id":"https:\/\/www.foodgarden.sk\/#website"},"primaryImageOfPage":{"@id":"https:\/\/www.foodgarden.sk\/#primaryimage"},"datePublished":"2024-10-15T12:56:06+00:00","dateModified":"2025-09-22T17:40:07+00:00","description":"U n\u00e1s si n\u00e1jde svoje ka\u017ed\u00fd.","breadcrumb":{"@id":"https:\/\/www.foodgarden.sk\/#breadcrumb"},"inLanguage":"sk-SK","potentialAction":[{"@type":"ReadAction","target":["https:\/\/www.foodgarden.sk\/"]}]},{"@type":"BreadcrumbList","@id":"https:\/\/www.foodgarden.sk\/#breadcrumb","itemListElement":[{"@type":"ListItem","position":1,"name":"Domovsk\u00e1 str\u00e1nka","item":"https:\/\/www.foodgarden.sk\/"},{"@type":"ListItem","position":2,"name":"Domov"}]}]}},"_links":{"self":[{"href":"https:\/\/www.foodgarden.sk\/index.php?rest_route=\/wp\/v2\/pages\/2","targetHints":{"allow":["GET"]}}],"collection":[{"href":"https:\/\/www.foodgarden.sk\/index.php?rest_route=\/wp\/v2\/pages"}],"about":[{"href":"https:\/\/www.foodgarden.sk\/index.php?rest_route=\/wp\/v2\/types\/page"}],"author":[{"embeddable":true,"href":"https:\/\/www.foodgarden.sk\/index.php?rest_route=\/wp\/v2\/users\/1"}],"replies":[{"embeddable":true,"href":"https:\/\/www.foodgarden.sk\/index.php?rest_route=%2Fwp%2Fv2%2Fcomments&post=2"}],"version-history":[{"count":6,"href":"https:\/\/www.foodgarden.sk\/index.php?rest_route=\/wp\/v2\/pages\/2\/revisions"}],"predecessor-version":[{"id":150,"href":"https:\/\/www.foodgarden.sk\/index.php?rest_route=\/wp\/v2\/pages\/2\/revisions\/150"}],"wp:featuredmedia":[{"embeddable":true,"href":"https:\/\/www.foodgarden.sk\/index.php?rest_route=\/wp\/v2\/media\/66"}],"wp:attachment":[{"href":"https:\/\/www.foodgarden.sk\/index.php?rest_route=%2Fwp%2Fv2%2Fmedia&parent=2"}],"curies":[{"name":"wp","href":"https:\/\/api.w.org\/{rel}","templated":true}]}}